{"id":2297,"date":"2022-11-07T11:10:02","date_gmt":"2022-11-07T10:10:02","guid":{"rendered":"http:\/\/sc-saxburg.dk\/fodbold\/"},"modified":"2023-02-27T16:31:14","modified_gmt":"2023-02-27T15:31:14","slug":"fodbold","status":"publish","type":"page","link":"https:\/\/sc-saxburg.dk\/da\/fodbold\/","title":{"rendered":"Fodbold"},"content":{"rendered":"<p>[et_pb_section fb_built=&#8221;1&#8243; admin_label=&#8221;section&#8221; _builder_version=&#8221;4.16&#8243; custom_padding=&#8221;0px||0px||false|false&#8221; global_colors_info=&#8221;{}&#8221;][et_pb_row admin_label=&#8221;row&#8221; _builder_version=&#8221;4.16&#8243; background_size=&#8221;initial&#8221; background_position=&#8221;top_left&#8221; background_repeat=&#8221;repeat&#8221; width=&#8221;100%&#8221; max_width=&#8221;1370px&#8221; custom_padding=&#8221;0px||0px||false|false&#8221; global_colors_info=&#8221;{}&#8221;][et_pb_column type=&#8221;4_4&#8243; _builder_version=&#8221;4.16&#8243; custom_padding=&#8221;|||&#8221; global_colors_info=&#8221;{}&#8221; custom_padding__hover=&#8221;|||&#8221;][et_pb_image src=&#8221;https:\/\/sc-saxburg.dk\/wp-content\/uploads\/2022\/10\/Sc-Sax-f2-1.png&#8221; title_text=&#8221;Sc Sax f2 (1)&#8221; force_fullwidth=&#8221;on&#8221; _builder_version=&#8221;4.18.0&#8243; custom_padding=&#8221;0px||0px||false|false&#8221; global_colors_info=&#8221;{}&#8221;][\/et_pb_image][\/et_pb_column][\/et_pb_row][\/et_pb_section][et_pb_section fb_built=&#8221;1&#8243; custom_padding_last_edited=&#8221;on|desktop&#8221; _builder_version=&#8221;4.18.0&#8243; custom_padding_tablet=&#8221;||0px||false|false&#8221; custom_padding_phone=&#8221;0px||0px||false|false&#8221; global_colors_info=&#8221;{}&#8221;][et_pb_row column_structure=&#8221;1_2,1_2&#8243; use_custom_gutter=&#8221;on&#8221; gutter_width=&#8221;2&#8243; make_equal=&#8221;on&#8221; custom_padding_last_edited=&#8221;on|tablet&#8221; _builder_version=&#8221;4.18.0&#8243; width=&#8221;100%&#8221; max_width=&#8221;100%&#8221; custom_padding_tablet=&#8221;||0px||false|false&#8221; custom_padding_phone=&#8221;0px||0px||false|false&#8221; custom_css_main_element=&#8221;margin: auto;&#8221; global_colors_info=&#8221;{}&#8221;][et_pb_column type=&#8221;1_2&#8243; module_class=&#8221;width-column&#8221; _builder_version=&#8221;4.16&#8243; custom_padding=&#8221;|||20px|false|false&#8221; custom_padding_tablet=&#8221;|20px|30px||false|false&#8221; custom_padding_phone=&#8221;&#8221; custom_padding_last_edited=&#8221;on|tablet&#8221; custom_css_main_element=&#8221;margin: auto;&#8221; global_colors_info=&#8221;{}&#8221;][et_pb_text _builder_version=&#8221;4.19.4&#8243; text_font=&#8221;|700|||||||&#8221; text_font_size=&#8221;34px&#8221; text_line_height=&#8221;1em&#8221; custom_margin=&#8221;||20px||false|false&#8221; custom_margin_tablet=&#8221;||20px||false|false&#8221; custom_margin_phone=&#8221;20px||20px||false|false&#8221; custom_margin_last_edited=&#8221;on|phone&#8221; custom_padding=&#8221;||0px|||&#8221; text_font_size_tablet=&#8221;20px&#8221; text_font_size_phone=&#8221;15px&#8221; text_font_size_last_edited=&#8221;on|phone&#8221; global_colors_info=&#8221;{}&#8221;]<\/p>\n<p style=\"font-weight: 400;\"><b>Fodbold<\/b><\/p>\n<p>[\/et_pb_text][et_pb_text _builder_version=&#8221;4.19.4&#8243; text_font=&#8221;||||||||&#8221; text_text_color=&#8221;#595959&#8243; text_font_size=&#8221;18px&#8221; text_line_height=&#8221;1.2em&#8221; custom_margin=&#8221;||25px||false|false&#8221; custom_padding=&#8221;|40px|||false|false&#8221; custom_padding_tablet=&#8221;|0px|||false|false&#8221; custom_padding_phone=&#8221;&#8221; custom_padding_last_edited=&#8221;on|desktop&#8221; text_font_size_tablet=&#8221;14px&#8221; text_font_size_phone=&#8221;12px&#8221; text_font_size_last_edited=&#8221;on|phone&#8221; global_colors_info=&#8221;{}&#8221;]<\/p>\n<p>Fodbold er en relativ ny sportsgren i SC-Saxburg. Vi tilbyder fodbold siden 2016, i et samarbejde sammen med foreningen BBI. Det er dog sv\u00e6rt at at holde medlemstallet oppe, da der kommer f\u00e6rre og f\u00e6rre unge spillere. 2022 startede vi med R\u00d8BS. R\u00d8BS blev etableret. R\u00d8BS er et samarbejde mellem Ravsted, \u00d8sterh\u00f8jst, Bylderup og SC Saxburg. Samarbejdet i R\u00d8BS g\u00e6lder kun for ungdomsholdene.<\/p>\n<p>P\u00e5 denne m\u00e5de kan vi tilbyde flere aktiviteter, fordi vi har flere spillere. Der skal jo gerne v\u00e6re 11 spillere p\u00e5 en bane, n\u00e5r vi skal spille kamp. Hvis fodbold er noget for dig, s\u00e5 gl\u00e6der vi os til at byde dig velkommen.<\/p>\n<p>[\/et_pb_text][et_pb_testimonial font_icon=&#8221;&#x71;||divi||400&#8243; portrait_width=&#8221;1px&#8221; portrait_height=&#8221;200px&#8221; _builder_version=&#8221;4.19.4&#8243; _module_preset=&#8221;default&#8221; global_colors_info=&#8221;{}&#8221;]<\/p>\n<p><strong>Vigtig information!<\/strong><\/p>\n<p>Vi arbejder sammen med BBI!<\/p>\n<p>Samarbejdet har betydning for f\u00f8lgende hold:<\/p>\n<p>&#8211; H\u00e5ndbold<\/p>\n<p>&#8211; Fodbold<\/p>\n<p>&#8211; Floorball<\/p>\n<p>Det betyder, at n\u00e5r du k\u00f8ber et medlemsskab for disse hold, s\u00e5 bliver du af systemet sendt videre til BBI.<\/p>\n<p>[\/et_pb_testimonial][\/et_pb_column][et_pb_column type=&#8221;1_2&#8243; _builder_version=&#8221;4.16&#8243; global_colors_info=&#8221;{}&#8221;][et_pb_image src=&#8221;https:\/\/sc-saxburg.dk\/wp-content\/uploads\/2023\/01\/Fodbold_1.jpg&#8221; title_text=&#8221;Fodbold_1&#8243; align=&#8221;right&#8221; _builder_version=&#8221;4.19.4&#8243; min_height=&#8221;482px&#8221; height=&#8221;492px&#8221; max_height=&#8221;677px&#8221; global_colors_info=&#8221;{}&#8221;][\/et_pb_image][\/et_pb_column][\/et_pb_row][\/et_pb_section]<\/p>\n","protected":false},"excerpt":{"rendered":"<p>FodboldFodbold er en relativ ny sportsgren i SC-Saxburg. Vi tilbyder fodbold siden 2016, i et samarbejde sammen med foreningen BBI. Det er dog sv\u00e6rt at at holde medlemstallet oppe, da der kommer f\u00e6rre og f\u00e6rre unge spillere. 2022 startede vi med R\u00d8BS. R\u00d8BS blev etableret. R\u00d8BS er et samarbejde mellem Ravsted, \u00d8sterh\u00f8jst, Bylderup og SC [&hellip;]<\/p>\n","protected":false},"author":1,"featured_media":0,"parent":0,"menu_order":0,"comment_status":"closed","ping_status":"closed","template":"","meta":{"_et_pb_use_builder":"on","_et_pb_old_content":"","_et_gb_content_width":"","inline_featured_image":false,"footnotes":""},"class_list":["post-2297","page","type-page","status-publish","hentry"],"_links":{"self":[{"href":"https:\/\/sc-saxburg.dk\/da\/wp-json\/wp\/v2\/pages\/2297","targetHints":{"allow":["GET"]}}],"collection":[{"href":"https:\/\/sc-saxburg.dk\/da\/wp-json\/wp\/v2\/pages"}],"about":[{"href":"https:\/\/sc-saxburg.dk\/da\/wp-json\/wp\/v2\/types\/page"}],"author":[{"embeddable":true,"href":"https:\/\/sc-saxburg.dk\/da\/wp-json\/wp\/v2\/users\/1"}],"replies":[{"embeddable":true,"href":"https:\/\/sc-saxburg.dk\/da\/wp-json\/wp\/v2\/comments?post=2297"}],"version-history":[{"count":19,"href":"https:\/\/sc-saxburg.dk\/da\/wp-json\/wp\/v2\/pages\/2297\/revisions"}],"predecessor-version":[{"id":2552,"href":"https:\/\/sc-saxburg.dk\/da\/wp-json\/wp\/v2\/pages\/2297\/revisions\/2552"}],"wp:attachment":[{"href":"https:\/\/sc-saxburg.dk\/da\/wp-json\/wp\/v2\/media?parent=2297"}],"curies":[{"name":"wp","href":"https:\/\/api.w.org\/{rel}","templated":true}]}}