{"id":2146,"date":"2022-11-07T11:10:32","date_gmt":"2022-11-07T10:10:32","guid":{"rendered":"http:\/\/sc-saxburg.dk\/floorball\/"},"modified":"2023-02-27T16:35:19","modified_gmt":"2023-02-27T15:35:19","slug":"floorball","status":"publish","type":"page","link":"https:\/\/sc-saxburg.dk\/da\/floorball\/","title":{"rendered":"Floorball"},"content":{"rendered":"<p>[et_pb_section fb_built=&#8221;1&#8243; admin_label=&#8221;section&#8221; _builder_version=&#8221;4.16&#8243; custom_padding=&#8221;0px||0px||false|false&#8221; global_colors_info=&#8221;{}&#8221;][et_pb_row admin_label=&#8221;row&#8221; _builder_version=&#8221;4.16&#8243; background_size=&#8221;initial&#8221; background_position=&#8221;top_left&#8221; background_repeat=&#8221;repeat&#8221; width=&#8221;100%&#8221; max_width=&#8221;1370px&#8221; custom_padding=&#8221;0px||0px||false|false&#8221; global_colors_info=&#8221;{}&#8221;][et_pb_column type=&#8221;4_4&#8243; _builder_version=&#8221;4.16&#8243; custom_padding=&#8221;|||&#8221; global_colors_info=&#8221;{}&#8221; custom_padding__hover=&#8221;|||&#8221;][et_pb_image src=&#8221;https:\/\/sc-saxburg.dk\/wp-content\/uploads\/2022\/10\/Sc-Sax-f2-1.png&#8221; title_text=&#8221;Sc Sax f2 (1)&#8221; force_fullwidth=&#8221;on&#8221; _builder_version=&#8221;4.18.0&#8243; custom_padding=&#8221;0px||0px||false|false&#8221; global_colors_info=&#8221;{}&#8221;][\/et_pb_image][\/et_pb_column][\/et_pb_row][\/et_pb_section][et_pb_section fb_built=&#8221;1&#8243; custom_padding_last_edited=&#8221;on|desktop&#8221; _builder_version=&#8221;4.18.0&#8243; custom_padding_tablet=&#8221;||0px||false|false&#8221; custom_padding_phone=&#8221;0px||0px||false|false&#8221; global_colors_info=&#8221;{}&#8221;][et_pb_row column_structure=&#8221;1_2,1_2&#8243; use_custom_gutter=&#8221;on&#8221; gutter_width=&#8221;2&#8243; make_equal=&#8221;on&#8221; custom_padding_last_edited=&#8221;on|tablet&#8221; _builder_version=&#8221;4.18.0&#8243; width=&#8221;100%&#8221; max_width=&#8221;100%&#8221; custom_padding_tablet=&#8221;||0px||false|false&#8221; custom_padding_phone=&#8221;0px||0px||false|false&#8221; custom_css_main_element=&#8221;margin: auto;&#8221; global_colors_info=&#8221;{}&#8221;][et_pb_column type=&#8221;1_2&#8243; module_class=&#8221;width-column&#8221; _builder_version=&#8221;4.16&#8243; custom_padding=&#8221;|||20px|false|false&#8221; custom_padding_tablet=&#8221;|20px|30px||false|false&#8221; custom_padding_phone=&#8221;&#8221; custom_padding_last_edited=&#8221;on|tablet&#8221; custom_css_main_element=&#8221;margin: auto;&#8221; global_colors_info=&#8221;{}&#8221;][et_pb_text _builder_version=&#8221;4.19.4&#8243; text_font=&#8221;|700|||||||&#8221; text_font_size=&#8221;34px&#8221; text_line_height=&#8221;1em&#8221; custom_margin=&#8221;||20px||false|false&#8221; custom_margin_tablet=&#8221;||20px||false|false&#8221; custom_margin_phone=&#8221;20px||20px||false|false&#8221; custom_margin_last_edited=&#8221;on|phone&#8221; custom_padding=&#8221;||0px|||&#8221; text_font_size_tablet=&#8221;20px&#8221; text_font_size_phone=&#8221;15px&#8221; text_font_size_last_edited=&#8221;on|phone&#8221; global_colors_info=&#8221;{}&#8221;]<\/p>\n<p style=\"font-weight: 400;\"><b>Floorball<\/b><\/p>\n<p>[\/et_pb_text][et_pb_text _builder_version=&#8221;4.19.4&#8243; text_font=&#8221;|600|||||||&#8221; text_text_color=&#8221;#595959&#8243; text_font_size=&#8221;18px&#8221; text_line_height=&#8221;1.2em&#8221; custom_margin=&#8221;||25px||false|false&#8221; custom_padding=&#8221;|40px|||false|false&#8221; custom_padding_tablet=&#8221;|0px|||false|false&#8221; custom_padding_phone=&#8221;&#8221; custom_padding_last_edited=&#8221;on|desktop&#8221; text_font_size_tablet=&#8221;14px&#8221; text_font_size_phone=&#8221;12px&#8221; text_font_size_last_edited=&#8221;on|phone&#8221; global_colors_info=&#8221;{}&#8221;]<\/p>\n<p style=\"font-weight: 400;\">En gang om ugen m\u00f8des ca. 12-14 herrer og spiller floorball. Nogle er unge, dog er de fleste + 30. Kvinder er hjerteligt velkommen, der er dog ingen der tilmeldt sig endnu, men muligheden best\u00e5r. Der arbejdes p\u00e5 at k\u00f8be bandesystem s\u00e5 der kan spilles og tr\u00e6nes p\u00e5 en professionel bane, der er allerede k\u00f8bt m\u00e5lmandsudstyr. En gang om m\u00e5neden m\u00f8des Floorball holdet med en naboforening for at tr\u00e6ne og spille sammen. Der deltages ogs\u00e5 til st\u00e6vner.<\/p>\n<p>[\/et_pb_text][et_pb_testimonial font_icon=&#8221;&#x72;||divi||400&#8243; portrait_width=&#8221;1px&#8221; portrait_height=&#8221;200px&#8221; _builder_version=&#8221;4.20.0&#8243; _module_preset=&#8221;default&#8221; hover_enabled=&#8221;0&#8243; global_colors_info=&#8221;{}&#8221; sticky_enabled=&#8221;0&#8243;]<\/p>\n<p><strong>Vigtig information!<\/strong><\/p>\n<p>Vi arbejder sammen med BBI!<\/p>\n<p>Samarbejdet har betydning for f\u00f8lgende hold:<\/p>\n<p>&#8211; H\u00e5ndbold<\/p>\n<p>&#8211; Fodbold<\/p>\n<p>&#8211; Floorball<\/p>\n<p>Det betyder, at n\u00e5r du k\u00f8ber et medlemsskab for disse hold, s\u00e5 bliver du af systemet sendt videre til BBI.<\/p>\n<p>[\/et_pb_testimonial][\/et_pb_column][et_pb_column type=&#8221;1_2&#8243; _builder_version=&#8221;4.16&#8243; global_colors_info=&#8221;{}&#8221;][et_pb_image src=&#8221;https:\/\/sc-saxburg.dk\/wp-content\/uploads\/2022\/10\/SC-sax-F-3-1.png&#8221; title_text=&#8221;SC sax F 3 (1)&#8221; align=&#8221;right&#8221; force_fullwidth=&#8221;on&#8221; _builder_version=&#8221;4.18.0&#8243; global_colors_info=&#8221;{}&#8221;][\/et_pb_image][\/et_pb_column][\/et_pb_row][\/et_pb_section]<\/p>\n","protected":false},"excerpt":{"rendered":"<p>FloorballEn gang om ugen m\u00f8des ca. 12-14 herrer og spiller floorball. Nogle er unge, dog er de fleste + 30. Kvinder er hjerteligt velkommen, der er dog ingen der tilmeldt sig endnu, men muligheden best\u00e5r. Der arbejdes p\u00e5 at k\u00f8be bandesystem s\u00e5 der kan spilles og tr\u00e6nes p\u00e5 en professionel bane, der er allerede k\u00f8bt [&hellip;]<\/p>\n","protected":false},"author":1,"featured_media":0,"parent":0,"menu_order":0,"comment_status":"closed","ping_status":"closed","template":"","meta":{"_et_pb_use_builder":"on","_et_pb_old_content":"","_et_gb_content_width":"","inline_featured_image":false,"footnotes":""},"class_list":["post-2146","page","type-page","status-publish","hentry"],"_links":{"self":[{"href":"https:\/\/sc-saxburg.dk\/da\/wp-json\/wp\/v2\/pages\/2146","targetHints":{"allow":["GET"]}}],"collection":[{"href":"https:\/\/sc-saxburg.dk\/da\/wp-json\/wp\/v2\/pages"}],"about":[{"href":"https:\/\/sc-saxburg.dk\/da\/wp-json\/wp\/v2\/types\/page"}],"author":[{"embeddable":true,"href":"https:\/\/sc-saxburg.dk\/da\/wp-json\/wp\/v2\/users\/1"}],"replies":[{"embeddable":true,"href":"https:\/\/sc-saxburg.dk\/da\/wp-json\/wp\/v2\/comments?post=2146"}],"version-history":[{"count":37,"href":"https:\/\/sc-saxburg.dk\/da\/wp-json\/wp\/v2\/pages\/2146\/revisions"}],"predecessor-version":[{"id":2570,"href":"https:\/\/sc-saxburg.dk\/da\/wp-json\/wp\/v2\/pages\/2146\/revisions\/2570"}],"wp:attachment":[{"href":"https:\/\/sc-saxburg.dk\/da\/wp-json\/wp\/v2\/media?parent=2146"}],"curies":[{"name":"wp","href":"https:\/\/api.w.org\/{rel}","templated":true}]}}